{"id":7,"date":"2021-12-30T10:33:34","date_gmt":"2021-12-30T10:33:34","guid":{"rendered":"https:\/\/www.rauniory.fi\/?page_id=7"},"modified":"2025-01-09T12:42:08","modified_gmt":"2025-01-09T12:42:08","slug":"ota-yhteytta","status":"publish","type":"page","link":"https:\/\/www.rauniory.fi\/?page_id=7","title":{"rendered":"Ota yhteytt\u00e4"},"content":{"rendered":"<div>\n<div>\n<div>\n<div>\n<div>\n<hr \/>\n<p>&nbsp;<\/p>\n<p>Voit ottaa meihin yhteytt\u00e4 s\u00e4hk\u00f6postitse osoitteeseen<\/p>\n<p>raunio@rauniory.fi<\/p>\n<p>&nbsp;<\/p>\n<\/div>\n<\/div>\n<\/div>\n<\/div>\n<p><strong>Toimiston aukioloajat<\/strong><\/p>\n<p>Ma-Ke\u00a09:30-12:30<\/p>\n<p>&nbsp;<\/p>\n<\/div>\n<p><strong>Toimiston k\u00e4yntiosoite<\/strong><\/p>\n<p>SAMK Rauma, Kanali kampus 2. kerros, tila KA209<\/p>\n<p>Satamakatu 26, 26100 Rauma<\/p>\n<p>&nbsp;<\/p>\n<p><strong>Somekanavat<img alt=\"\" \/><\/strong><\/p>\n<p>Instagram <a href=\"https:\/\/www.instagram.com\/rauniory\/\">@rauniory<\/a><\/p>\n<p>Facebook <a href=\"https:\/\/www.facebook.com\/RaunIOry\/\">Rauman Insin\u00f6\u00f6riopiskelijat (RaunIO ry)<\/a><\/p>\n<p>Snapchat <a href=\"https:\/\/t.snapchat.com\/Q2eqBKlv\">rauniory<\/a><\/p>\n","protected":false},"excerpt":{"rendered":"<p>&nbsp; Voit ottaa meihin yhteytt\u00e4 s\u00e4hk\u00f6postitse osoitteeseen raunio@rauniory.fi &nbsp; Toimiston aukioloajat Ma-Ke\u00a09:30-12:30 &nbsp; Toimiston k\u00e4yntiosoite SAMK Rauma, Kanali kampus 2. kerros, tila KA209 Satamakatu 26,<\/p>\n","protected":false},"author":1,"featured_media":0,"parent":0,"menu_order":8,"comment_status":"closed","ping_status":"closed","template":"","meta":{"footnotes":""},"class_list":["post-7","page","type-page","status-publish","hentry"],"_links":{"self":[{"href":"https:\/\/www.rauniory.fi\/index.php?rest_route=\/wp\/v2\/pages\/7","targetHints":{"allow":["GET"]}}],"collection":[{"href":"https:\/\/www.rauniory.fi\/index.php?rest_route=\/wp\/v2\/pages"}],"about":[{"href":"https:\/\/www.rauniory.fi\/index.php?rest_route=\/wp\/v2\/types\/page"}],"author":[{"embeddable":true,"href":"https:\/\/www.rauniory.fi\/index.php?rest_route=\/wp\/v2\/users\/1"}],"replies":[{"embeddable":true,"href":"https:\/\/www.rauniory.fi\/index.php?rest_route=%2Fwp%2Fv2%2Fcomments&post=7"}],"version-history":[{"count":18,"href":"https:\/\/www.rauniory.fi\/index.php?rest_route=\/wp\/v2\/pages\/7\/revisions"}],"predecessor-version":[{"id":433,"href":"https:\/\/www.rauniory.fi\/index.php?rest_route=\/wp\/v2\/pages\/7\/revisions\/433"}],"wp:attachment":[{"href":"https:\/\/www.rauniory.fi\/index.php?rest_route=%2Fwp%2Fv2%2Fmedia&parent=7"}],"curies":[{"name":"wp","href":"https:\/\/api.w.org\/{rel}","templated":true}]}}