{"id":5,"date":"2021-12-30T10:33:34","date_gmt":"2021-12-30T10:33:34","guid":{"rendered":"https:\/\/www.rauniory.fi\/?page_id=5"},"modified":"2024-02-28T10:34:57","modified_gmt":"2024-02-28T10:34:57","slug":"luo-sivustosi-lohkoilla","status":"publish","type":"page","link":"https:\/\/www.rauniory.fi\/","title":{"rendered":"Koti"},"content":{"rendered":"\r\n<h1 class=\"alignwide has-text-align-wide wp-block-heading\" style=\"font-size: 60px; line-height: 1.1; text-align: center;\">Mik\u00e4 ihmeen RaunIO ry?<\/h1>\r\n\r\n\r\n\r\n<div class=\"wp-block-spacer\" style=\"height: 41px; text-align: center;\" aria-hidden=\"true\"><hr \/><\/div>\r\n\r\n\r\n\r\n<p style=\"text-align: center;\">Rauman Insin\u00f6\u00f6riopiskelijat RaunIO ry on vuonna 1994 perustettu Satakunnan Ammattikorkeakoulun Rauman tekniikan opiskelijoiden oma yhdistys sek\u00e4 Insin\u00f6\u00f6riopiskelijaliiton paikallisyhdistys. Meid\u00e4t tunnistaa punaisista haalareista.<\/p>\r\n\r\n\r\n\r\n<p style=\"text-align: center;\">Yhdistys toimii insin\u00f6\u00f6riopiskelijoiden edustajana ja tukena Rauman kampuksella. Meit\u00e4 voi tulla moikkaamaan Kanali kampuksen 2. kerroksen toimistolle maanantaista keskiviikkoon kello 9:30-12:30 taikka aina kun ovet ovat avoinna.<\/p>\r\n<p style=\"text-align: center;\">Ota rohkeasti yhteytt\u00e4 &#8221;Ota Yhteytt\u00e4&#8221; -v\u00e4lilehdelt\u00e4 l\u00f6ytyvien kanavien kautta, mik\u00e4li sinulla her\u00e4\u00e4 kysymyksi\u00e4 liittyen toimintaamme!<\/p>\r\n<p>&nbsp;<\/p>\r\n<p>&nbsp;<\/p>\r\n<p><img loading=\"lazy\" decoding=\"async\" class=\" wp-image-372 aligncenter\" src=\"https:\/\/www.rauniory.fi\/wp-content\/uploads\/2024\/02\/collab.png\" alt=\"\" width=\"831\" height=\"467\" srcset=\"https:\/\/www.rauniory.fi\/wp-content\/uploads\/2024\/02\/collab.png 1920w, https:\/\/www.rauniory.fi\/wp-content\/uploads\/2024\/02\/collab-300x169.png 300w, https:\/\/www.rauniory.fi\/wp-content\/uploads\/2024\/02\/collab-1024x576.png 1024w, https:\/\/www.rauniory.fi\/wp-content\/uploads\/2024\/02\/collab-768x432.png 768w, https:\/\/www.rauniory.fi\/wp-content\/uploads\/2024\/02\/collab-1536x864.png 1536w\" sizes=\"auto, (max-width: 831px) 100vw, 831px\" \/><\/p>\r\n<!-- \/wp:post-content -->","protected":false},"excerpt":{"rendered":"<p>Mik\u00e4 ihmeen RaunIO ry? Rauman Insin\u00f6\u00f6riopiskelijat RaunIO ry on vuonna 1994 perustettu Satakunnan Ammattikorkeakoulun Rauman tekniikan opiskelijoiden oma yhdistys sek\u00e4 Insin\u00f6\u00f6riopiskelijaliiton paikallisyhdistys. Meid\u00e4t tunnistaa punaisista<\/p>\n","protected":false},"author":1,"featured_media":0,"parent":0,"menu_order":1,"comment_status":"closed","ping_status":"closed","template":"","meta":{"footnotes":""},"class_list":["post-5","page","type-page","status-publish","hentry"],"_links":{"self":[{"href":"https:\/\/www.rauniory.fi\/index.php?rest_route=\/wp\/v2\/pages\/5","targetHints":{"allow":["GET"]}}],"collection":[{"href":"https:\/\/www.rauniory.fi\/index.php?rest_route=\/wp\/v2\/pages"}],"about":[{"href":"https:\/\/www.rauniory.fi\/index.php?rest_route=\/wp\/v2\/types\/page"}],"author":[{"embeddable":true,"href":"https:\/\/www.rauniory.fi\/index.php?rest_route=\/wp\/v2\/users\/1"}],"replies":[{"embeddable":true,"href":"https:\/\/www.rauniory.fi\/index.php?rest_route=%2Fwp%2Fv2%2Fcomments&post=5"}],"version-history":[{"count":57,"href":"https:\/\/www.rauniory.fi\/index.php?rest_route=\/wp\/v2\/pages\/5\/revisions"}],"predecessor-version":[{"id":410,"href":"https:\/\/www.rauniory.fi\/index.php?rest_route=\/wp\/v2\/pages\/5\/revisions\/410"}],"wp:attachment":[{"href":"https:\/\/www.rauniory.fi\/index.php?rest_route=%2Fwp%2Fv2%2Fmedia&parent=5"}],"curies":[{"name":"wp","href":"https:\/\/api.w.org\/{rel}","templated":true}]}}