{"id":490,"date":"2025-05-21T12:46:27","date_gmt":"2025-05-21T12:46:27","guid":{"rendered":"https:\/\/www.rauniory.fi\/?page_id=490"},"modified":"2025-05-21T14:04:49","modified_gmt":"2025-05-21T14:04:49","slug":"kuvat","status":"publish","type":"page","link":"https:\/\/www.rauniory.fi\/?page_id=490","title":{"rendered":"Kuvat"},"content":{"rendered":"<h1 style=\"text-align: center;\">Kuvia menneist\u00e4 tapahtumista<\/h1>\n<hr \/>\n<p style=\"text-align: center;\">L\u00f6yd\u00e4t kuvat menneist\u00e4 tapahtumista kuvaajamme Sami Kivist\u00f6n sivuilta.<\/p>\n<p style=\"text-align: center;\">T\u00e4st\u00e4 kuviin -&gt; <a href=\"https:\/\/samikivistophotography.kuvat.fi\/kuvat\/Tapahtumat\/Opiskelijatapahtumat\/\">https:\/\/samikivistophotography.kuvat.fi\/kuvat\/Tapahtumat\/Opiskelijatapahtumat\/<\/a><\/p>\n<p>&nbsp;<\/p>\n<p><img loading=\"lazy\" decoding=\"async\" class=\"aligncenter wp-image-495 size-large\" src=\"https:\/\/www.rauniory.fi\/wp-content\/uploads\/2025\/05\/IMG_0482-1024x683.jpg\" alt=\"\" width=\"640\" height=\"427\" srcset=\"https:\/\/www.rauniory.fi\/wp-content\/uploads\/2025\/05\/IMG_0482-1024x683.jpg 1024w, https:\/\/www.rauniory.fi\/wp-content\/uploads\/2025\/05\/IMG_0482-300x200.jpg 300w, https:\/\/www.rauniory.fi\/wp-content\/uploads\/2025\/05\/IMG_0482-768x512.jpg 768w, https:\/\/www.rauniory.fi\/wp-content\/uploads\/2025\/05\/IMG_0482-1536x1024.jpg 1536w, https:\/\/www.rauniory.fi\/wp-content\/uploads\/2025\/05\/IMG_0482-2048x1365.jpg 2048w\" sizes=\"auto, (max-width: 640px) 100vw, 640px\" \/><\/p>\n","protected":false},"excerpt":{"rendered":"<p>Kuvia menneist\u00e4 tapahtumista L\u00f6yd\u00e4t kuvat menneist\u00e4 tapahtumista kuvaajamme Sami Kivist\u00f6n sivuilta. T\u00e4st\u00e4 kuviin -&gt; https:\/\/samikivistophotography.kuvat.fi\/kuvat\/Tapahtumat\/Opiskelijatapahtumat\/ &nbsp;<\/p>\n","protected":false},"author":1,"featured_media":0,"parent":326,"menu_order":0,"comment_status":"closed","ping_status":"closed","template":"","meta":{"footnotes":""},"class_list":["post-490","page","type-page","status-publish","hentry"],"_links":{"self":[{"href":"https:\/\/www.rauniory.fi\/index.php?rest_route=\/wp\/v2\/pages\/490","targetHints":{"allow":["GET"]}}],"collection":[{"href":"https:\/\/www.rauniory.fi\/index.php?rest_route=\/wp\/v2\/pages"}],"about":[{"href":"https:\/\/www.rauniory.fi\/index.php?rest_route=\/wp\/v2\/types\/page"}],"author":[{"embeddable":true,"href":"https:\/\/www.rauniory.fi\/index.php?rest_route=\/wp\/v2\/users\/1"}],"replies":[{"embeddable":true,"href":"https:\/\/www.rauniory.fi\/index.php?rest_route=%2Fwp%2Fv2%2Fcomments&post=490"}],"version-history":[{"count":4,"href":"https:\/\/www.rauniory.fi\/index.php?rest_route=\/wp\/v2\/pages\/490\/revisions"}],"predecessor-version":[{"id":496,"href":"https:\/\/www.rauniory.fi\/index.php?rest_route=\/wp\/v2\/pages\/490\/revisions\/496"}],"up":[{"embeddable":true,"href":"https:\/\/www.rauniory.fi\/index.php?rest_route=\/wp\/v2\/pages\/326"}],"wp:attachment":[{"href":"https:\/\/www.rauniory.fi\/index.php?rest_route=%2Fwp%2Fv2%2Fmedia&parent=490"}],"curies":[{"name":"wp","href":"https:\/\/api.w.org\/{rel}","templated":true}]}}