{"id":326,"date":"2024-02-27T18:44:02","date_gmt":"2024-02-27T18:44:02","guid":{"rendered":"https:\/\/www.rauniory.fi\/?page_id=326"},"modified":"2026-02-09T10:50:38","modified_gmt":"2026-02-09T10:50:38","slug":"tapahtumat","status":"publish","type":"page","link":"https:\/\/www.rauniory.fi\/?page_id=326","title":{"rendered":"Tapahtumat"},"content":{"rendered":"<hr \/>\n<h3 style=\"text-align: center;\">Vuosijuhlat<img loading=\"lazy\" decoding=\"async\" class=\"alignright wp-image-359\" src=\"https:\/\/www.rauniory.fi\/wp-content\/uploads\/2024\/02\/vuju.jpg\" alt=\"\" width=\"425\" height=\"319\" srcset=\"https:\/\/www.rauniory.fi\/wp-content\/uploads\/2024\/02\/vuju.jpg 1600w, https:\/\/www.rauniory.fi\/wp-content\/uploads\/2024\/02\/vuju-300x225.jpg 300w, https:\/\/www.rauniory.fi\/wp-content\/uploads\/2024\/02\/vuju-1024x768.jpg 1024w, https:\/\/www.rauniory.fi\/wp-content\/uploads\/2024\/02\/vuju-768x576.jpg 768w, https:\/\/www.rauniory.fi\/wp-content\/uploads\/2024\/02\/vuju-1536x1152.jpg 1536w, https:\/\/www.rauniory.fi\/wp-content\/uploads\/2024\/02\/vuju-800x600.jpg 800w\" sizes=\"auto, (max-width: 425px) 100vw, 425px\" \/><\/h3>\n<p style=\"text-align: center;\">Vuosijuhlat, eli vujut, ovat yksi suurimpia tilaisuuksia, joita paikallisj\u00e4rjest\u00f6t j\u00e4rjest\u00e4v\u00e4t. Niiss\u00e4 juhlitaan yhdistyksien &#8221;syntym\u00e4p\u00e4ivi\u00e4&#8221; suurin menoin illalla ja seuraavana aamuna kokoonnutaan lievitt\u00e4m\u00e4\u00e4n juhlimisesta aiheutunutta oloa yhdess\u00e4 silliksen merkeiss\u00e4. Rauman Insin\u00f6\u00f6riopiskelijat RaunIO ry pyrkii aktiivisesti edustamaan muiden yhdistysten vuosijuhlilla ja mik\u00e4li sinulla on kiinnostusta toimia RaunIO ry:n edustajana muiden yhdistysten vuosijuhlilla, olethan meihin yhteydess\u00e4.<\/p>\n<p style=\"text-align: center;\">RaunIO juhlisti omaa 30-vuotista taivaltaan 24.-25.2.2024 ja seuraavan kerran juhlitaan taas 2029.<\/p>\n<p>&nbsp;<\/p>\n<p>&nbsp;<\/p>\n<h3 style=\"text-align: center;\">Bussikalja<img loading=\"lazy\" decoding=\"async\" class=\"alignleft wp-image-633 \" src=\"https:\/\/www.rauniory.fi\/wp-content\/uploads\/2026\/02\/PHOTO-2025-03-28-18-46-34-e1770631557589-1024x944.jpg\" alt=\"\" width=\"383\" height=\"353\" srcset=\"https:\/\/www.rauniory.fi\/wp-content\/uploads\/2026\/02\/PHOTO-2025-03-28-18-46-34-e1770631557589-1024x944.jpg 1024w, https:\/\/www.rauniory.fi\/wp-content\/uploads\/2026\/02\/PHOTO-2025-03-28-18-46-34-e1770631557589-300x277.jpg 300w, https:\/\/www.rauniory.fi\/wp-content\/uploads\/2026\/02\/PHOTO-2025-03-28-18-46-34-e1770631557589-768x708.jpg 768w, https:\/\/www.rauniory.fi\/wp-content\/uploads\/2026\/02\/PHOTO-2025-03-28-18-46-34-e1770631557589-1536x1416.jpg 1536w, https:\/\/www.rauniory.fi\/wp-content\/uploads\/2026\/02\/PHOTO-2025-03-28-18-46-34-e1770631557589.jpg 1666w\" sizes=\"auto, (max-width: 383px) 100vw, 383px\" \/><\/h3>\n<p style=\"text-align: center;\">Bussikaljassa vedet\u00e4\u00e4n haalarit jalkaan ja pakkaudutaan busseihin ajelemaan ymp\u00e4ri Satakuntaa ja l\u00e4nsirannikkoa kiert\u00e4en erin\u00e4isi\u00e4 ravintoloita ja y\u00f6kerhoja ja ilta huipentuu takaisin Raumalla paikallisen tanssiravintolan jatkoille. Bussikalja j\u00e4rjestet\u00e4\u00e4n perinteisesti kaksi kertaa vuodessa syksyll\u00e4 ja kev\u00e4\u00e4ll\u00e4.<\/p>\n<p>&nbsp;<\/p>\n<p>&nbsp;<\/p>\n<h3 style=\"text-align: center;\">Olutviesti<img loading=\"lazy\" decoding=\"async\" class=\"alignright wp-image-381\" src=\"https:\/\/www.rauniory.fi\/wp-content\/uploads\/2024\/02\/olutviesti.jpg\" alt=\"\" width=\"426\" height=\"401\" srcset=\"https:\/\/www.rauniory.fi\/wp-content\/uploads\/2024\/02\/olutviesti.jpg 1151w, https:\/\/www.rauniory.fi\/wp-content\/uploads\/2024\/02\/olutviesti-300x282.jpg 300w, https:\/\/www.rauniory.fi\/wp-content\/uploads\/2024\/02\/olutviesti-1024x964.jpg 1024w, https:\/\/www.rauniory.fi\/wp-content\/uploads\/2024\/02\/olutviesti-768x723.jpg 768w\" sizes=\"auto, (max-width: 426px) 100vw, 426px\" \/><\/h3>\n<p style=\"text-align: center;\">Olutviesti on tiett\u00e4v\u00e4sti yksi vanhimpia Raumalaisia opiskelutapahtumia ja sen juuret ulottuvat aiemmalle vuosituhannelle asti. Joka tapahtumassa vaihtuvien rastien sek\u00e4 teeman saattelemana tulee tutuksi mit\u00e4 moninaisimmat pelit ja visailut, joita opiskelijan kannattaa tiet\u00e4\u00e4 opintojensa varrella. Ilta p\u00e4\u00e4ttyy perinteisin menoin Ravintola Kallioon, jossa vuosittain vaihtuva artisti tanssittaa opiskelijoita aamun pikkutunneille asti.<\/p>\n<p>&nbsp;<\/p>\n<h3><\/h3>\n<h3><\/h3>\n<h3><\/h3>\n<h3 style=\"text-align: center;\">Orientaatioviikko<img loading=\"lazy\" decoding=\"async\" class=\"wp-image-645  alignleft\" src=\"https:\/\/www.rauniory.fi\/wp-content\/uploads\/2026\/02\/38055420-1b5f-4596-a222-d8a1c65f7e2d-e1770634175407-977x1024.jpg\" alt=\"\" width=\"326\" height=\"342\" srcset=\"https:\/\/www.rauniory.fi\/wp-content\/uploads\/2026\/02\/38055420-1b5f-4596-a222-d8a1c65f7e2d-e1770634175407-977x1024.jpg 977w, https:\/\/www.rauniory.fi\/wp-content\/uploads\/2026\/02\/38055420-1b5f-4596-a222-d8a1c65f7e2d-e1770634175407-286x300.jpg 286w, https:\/\/www.rauniory.fi\/wp-content\/uploads\/2026\/02\/38055420-1b5f-4596-a222-d8a1c65f7e2d-e1770634175407-768x805.jpg 768w, https:\/\/www.rauniory.fi\/wp-content\/uploads\/2026\/02\/38055420-1b5f-4596-a222-d8a1c65f7e2d-e1770634175407.jpg 1152w\" sizes=\"auto, (max-width: 326px) 100vw, 326px\" \/><\/h3>\n<p style=\"text-align: center;\">Jotta uusi koulu ja useimmille uusi kaupunki tulisi tutuksi, n\u00e4ytt\u00e4v\u00e4t Rauman tutorit tuoreeltaan koulunsa aloittaneille opiskelijael\u00e4m\u00e4n saloja. Perinteisesti Parpansalin puistossa kokoonnutaan viett\u00e4m\u00e4\u00e4n aikaa, tutustuen uusiin opiskelutovereihin seurustelun sek\u00e4 tutustumisleikkien muodossa.<\/p>\n<p>&nbsp;<\/p>\n<p>&nbsp;<\/p>\n<p>&nbsp;<\/p>\n<p>&nbsp;<\/p>\n<p>&nbsp;<\/p>\n<h3 style=\"text-align: center;\">Back2School<img loading=\"lazy\" decoding=\"async\" class=\" wp-image-391 alignright\" src=\"https:\/\/www.rauniory.fi\/wp-content\/uploads\/2024\/02\/kaihoisa-katse-1.jpeg\" alt=\"\" width=\"426\" height=\"344\" srcset=\"https:\/\/www.rauniory.fi\/wp-content\/uploads\/2024\/02\/kaihoisa-katse-1.jpeg 1200w, https:\/\/www.rauniory.fi\/wp-content\/uploads\/2024\/02\/kaihoisa-katse-1-300x243.jpeg 300w, https:\/\/www.rauniory.fi\/wp-content\/uploads\/2024\/02\/kaihoisa-katse-1-1024x828.jpeg 1024w, https:\/\/www.rauniory.fi\/wp-content\/uploads\/2024\/02\/kaihoisa-katse-1-768x621.jpeg 768w\" sizes=\"auto, (max-width: 426px) 100vw, 426px\" \/><\/h3>\n<p style=\"text-align: center;\">Kaikkien Rauman paikallisj\u00e4rjest\u00f6jen yhteisty\u00f6ss\u00e4 toteuttama Back2School p\u00e4\u00e4tt\u00e4\u00e4 orientaatioviikon syksyll\u00e4 ja toivottaa kev\u00e4\u00e4ll\u00e4 takaisin tervetulleeksi kouluun haalarikansan. Illan kuva on selke\u00e4 ja ei paljoa esittelyj\u00e4 kaipaa; hauskanpitoa y\u00f6t\u00e4 my\u00f6ten.<\/p>\n<p>&nbsp;<\/p>\n<p>&nbsp;<\/p>\n<h3 style=\"text-align: left;\">\u00a0 \u00a0 \u00a0 \u00a0 \u00a0 \u00a0 \u00a0 \u00a0 \u00a0 \u00a0 \u00a0 \u00a0 \u00a0 \u00a0 \u00a0 \u00a0 \u00a0 \u00a0 \u00a0 \u00a0 \u00a0 \u00a0 \u00a0 \u00a0 Haalarikaste<\/h3>\n<h3 style=\"text-align: center;\"><img loading=\"lazy\" decoding=\"async\" class=\"wp-image-634 alignleft\" src=\"https:\/\/www.rauniory.fi\/wp-content\/uploads\/2026\/02\/IMG_1374-1024x683.jpg\" alt=\"\" width=\"549\" height=\"366\" srcset=\"https:\/\/www.rauniory.fi\/wp-content\/uploads\/2026\/02\/IMG_1374-1024x683.jpg 1024w, https:\/\/www.rauniory.fi\/wp-content\/uploads\/2026\/02\/IMG_1374-300x200.jpg 300w, https:\/\/www.rauniory.fi\/wp-content\/uploads\/2026\/02\/IMG_1374-768x512.jpg 768w, https:\/\/www.rauniory.fi\/wp-content\/uploads\/2026\/02\/IMG_1374-1536x1024.jpg 1536w, https:\/\/www.rauniory.fi\/wp-content\/uploads\/2026\/02\/IMG_1374.jpg 2048w\" sizes=\"auto, (max-width: 549px) 100vw, 549px\" \/><\/h3>\n<p style=\"text-align: right;\"><img loading=\"lazy\" decoding=\"async\" class=\"wp-image-627 alignright\" src=\"https:\/\/www.rauniory.fi\/wp-content\/uploads\/2026\/02\/kastajaiset-e1770631675142-300x153.jpg\" alt=\"\" width=\"422\" height=\"215\" srcset=\"https:\/\/www.rauniory.fi\/wp-content\/uploads\/2026\/02\/kastajaiset-e1770631675142-300x153.jpg 300w, https:\/\/www.rauniory.fi\/wp-content\/uploads\/2026\/02\/kastajaiset-e1770631675142.jpg 704w\" sizes=\"auto, (max-width: 422px) 100vw, 422px\" \/><\/p>\n<p style=\"text-align: left;\">Haalarikasteessa saavat uudet opiskelijat viimein luvan k\u00e4ytt\u00e4\u00e4 kauan himoitsemiaan haalareita leikkimielisen valatilaisuuden muodossa, jonka j\u00e4lkeen siirtyv\u00e4t he rastikierroksen kautta kohti illan jatkopaikkaa. Kaste onkin fuksivuoden yksi merkitt\u00e4vimpi\u00e4 askeleita opiskelijael\u00e4m\u00e4\u00e4n totuttautumisessa.<\/p>\n<p>&nbsp;<\/p>\n<h3><\/h3>\n<p>&nbsp;<\/p>\n<h3 style=\"text-align: center;\">Lukkoapprot<img loading=\"lazy\" decoding=\"async\" class=\"wp-image-394 alignright\" src=\"https:\/\/www.rauniory.fi\/wp-content\/uploads\/2024\/02\/Kopio-lukkoapprot.png\" alt=\"\" width=\"319\" height=\"319\" srcset=\"https:\/\/www.rauniory.fi\/wp-content\/uploads\/2024\/02\/Kopio-lukkoapprot.png 1181w, https:\/\/www.rauniory.fi\/wp-content\/uploads\/2024\/02\/Kopio-lukkoapprot-300x300.png 300w, https:\/\/www.rauniory.fi\/wp-content\/uploads\/2024\/02\/Kopio-lukkoapprot-1024x1024.png 1024w, https:\/\/www.rauniory.fi\/wp-content\/uploads\/2024\/02\/Kopio-lukkoapprot-150x150.png 150w, https:\/\/www.rauniory.fi\/wp-content\/uploads\/2024\/02\/Kopio-lukkoapprot-768x768.png 768w, https:\/\/www.rauniory.fi\/wp-content\/uploads\/2024\/02\/Kopio-lukkoapprot-144x144.png 144w\" sizes=\"auto, (max-width: 319px) 100vw, 319px\" \/><\/h3>\n<p style=\"text-align: center;\">Kev\u00e4isin vedet\u00e4\u00e4n pelipaidat haalarien kanssa p\u00e4\u00e4lle ja siirryt\u00e4\u00e4n katsomaan j\u00e4\u00e4kiekkoa Kivikyl\u00e4n areenalle Rauman Lukkoa voittoon kannustaen. T\u00e4m\u00e4 on ehdottomasti alueen yksi suosituimpia opiskelijatapahtumia koko vuonna ja t\u00e4t\u00e4 ET halua missata, huhujen mukaan on joskus tultu jopa Lapista asti Lukkoapproja katsomaan&#8230;<\/p>\n<p>&nbsp;<\/p>\n<p>&nbsp;<\/p>\n<h3 style=\"text-align: center;\">Joulugaala<img loading=\"lazy\" decoding=\"async\" class=\"wp-image-379 alignleft\" src=\"https:\/\/www.rauniory.fi\/wp-content\/uploads\/2024\/02\/joulugaala-1.jpg\" alt=\"\" width=\"419\" height=\"337\" srcset=\"https:\/\/www.rauniory.fi\/wp-content\/uploads\/2024\/02\/joulugaala-1.jpg 1095w, https:\/\/www.rauniory.fi\/wp-content\/uploads\/2024\/02\/joulugaala-1-300x242.jpg 300w, https:\/\/www.rauniory.fi\/wp-content\/uploads\/2024\/02\/joulugaala-1-1024x825.jpg 1024w, https:\/\/www.rauniory.fi\/wp-content\/uploads\/2024\/02\/joulugaala-1-768x619.jpg 768w\" sizes=\"auto, (max-width: 419px) 100vw, 419px\" \/><\/h3>\n<p style=\"text-align: center;\">Joulugaalalla juhlallisesti p\u00e4\u00e4tet\u00e4\u00e4n lukuvuosi j\u00e4tt\u00e4en haalarit kotiin ja pukeutuen parhaimpiin. Joulugaalassa kiitet\u00e4\u00e4n kanssaopiskelijoita ja palkitaan vuosittain erin\u00e4isiss\u00e4 kategorioissa ansioituneet opiskelijat.<\/p>\n<p>&nbsp;<\/p>\n<h3 style=\"text-align: center;\">Wappuviikko<\/h3>\n<p style=\"text-align: right;\"><img loading=\"lazy\" decoding=\"async\" class=\"aligncenter size-large wp-image-635\" src=\"https:\/\/www.rauniory.fi\/wp-content\/uploads\/2026\/02\/IMG_1372-1024x683.jpg\" alt=\"\" width=\"640\" height=\"427\" srcset=\"https:\/\/www.rauniory.fi\/wp-content\/uploads\/2026\/02\/IMG_1372-1024x683.jpg 1024w, https:\/\/www.rauniory.fi\/wp-content\/uploads\/2026\/02\/IMG_1372-300x200.jpg 300w, https:\/\/www.rauniory.fi\/wp-content\/uploads\/2026\/02\/IMG_1372-768x512.jpg 768w, https:\/\/www.rauniory.fi\/wp-content\/uploads\/2026\/02\/IMG_1372-1536x1024.jpg 1536w, https:\/\/www.rauniory.fi\/wp-content\/uploads\/2026\/02\/IMG_1372.jpg 2048w\" sizes=\"auto, (max-width: 640px) 100vw, 640px\" \/><\/p>\n<p style=\"text-align: center;\">Jokainen opiskelija odottaa t\u00e4t\u00e4 hetke\u00e4, kuin kuuta nousevaa. Vappu on ty\u00f6v\u00e4en, ja erityisesti opiskelijain juhla ja Raumalla ei asia ole poikkeus. Koko viikon kest\u00e4v\u00e4 juhlinta sis\u00e4lt\u00e4\u00e4 patsaiden lakitusta ja piknikkej\u00e4 sek\u00e4 moninaisen lajitelman erilaista tapahtumaa, joka ei j\u00e4t\u00e4 kylm\u00e4ksi. Viikon yksi kohokohdista on Porissa Opiskelijakunta SAMMAKKOn j\u00e4rjest\u00e4m\u00e4 Wapprobatur, joka kasaa kaikki l\u00e4hitienoon opiskelijat yhteen sanomaan heipat kuluneelle lukuvuodelle.<\/p>\n<p>&nbsp;<\/p>\n<h3 style=\"text-align: center;\">Sek\u00e4 lukuisia muita&#8230;<\/h3>\n<p style=\"text-align: center;\">RaunIO j\u00e4rjest\u00e4\u00e4 vuosittain valtavan kasan tapahtumia tehden tiivist\u00e4 yhteisty\u00f6t\u00e4 yhteisiss\u00e4 toimistotiloissamme majailevan Rauman Liiketalousopiskelijain Killan, eli RLO Killan kanssa, sek\u00e4 monien muiden paikallisten ja v\u00e4lill\u00e4 jopa muualla sijaitsevienkin opiskelijaj\u00e4rjest\u00f6jen kanssa. T\u00e4m\u00e4 takaa sen, ett\u00e4 jokaiselle Raumalaiselle opiskelijalle varmasti l\u00f6ytyy tekemist\u00e4. Jos jostakin syyst\u00e4 viel\u00e4 kaiken t\u00e4m\u00e4n j\u00e4lkeen tuntuu sille, ett\u00e4 jotain j\u00e4i puuttumaan, olemme aina avoimia uusille ehdotuksille!<\/p>\n","protected":false},"excerpt":{"rendered":"<p>Vuosijuhlat Vuosijuhlat, eli vujut, ovat yksi suurimpia tilaisuuksia, joita paikallisj\u00e4rjest\u00f6t j\u00e4rjest\u00e4v\u00e4t. Niiss\u00e4 juhlitaan yhdistyksien &#8221;syntym\u00e4p\u00e4ivi\u00e4&#8221; suurin menoin illalla ja seuraavana aamuna kokoonnutaan lievitt\u00e4m\u00e4\u00e4n juhlimisesta aiheutunutta<\/p>\n","protected":false},"author":1,"featured_media":0,"parent":0,"menu_order":5,"comment_status":"closed","ping_status":"closed","template":"","meta":{"footnotes":""},"class_list":["post-326","page","type-page","status-publish","hentry"],"_links":{"self":[{"href":"https:\/\/www.rauniory.fi\/index.php?rest_route=\/wp\/v2\/pages\/326","targetHints":{"allow":["GET"]}}],"collection":[{"href":"https:\/\/www.rauniory.fi\/index.php?rest_route=\/wp\/v2\/pages"}],"about":[{"href":"https:\/\/www.rauniory.fi\/index.php?rest_route=\/wp\/v2\/types\/page"}],"author":[{"embeddable":true,"href":"https:\/\/www.rauniory.fi\/index.php?rest_route=\/wp\/v2\/users\/1"}],"replies":[{"embeddable":true,"href":"https:\/\/www.rauniory.fi\/index.php?rest_route=%2Fwp%2Fv2%2Fcomments&post=326"}],"version-history":[{"count":31,"href":"https:\/\/www.rauniory.fi\/index.php?rest_route=\/wp\/v2\/pages\/326\/revisions"}],"predecessor-version":[{"id":646,"href":"https:\/\/www.rauniory.fi\/index.php?rest_route=\/wp\/v2\/pages\/326\/revisions\/646"}],"wp:attachment":[{"href":"https:\/\/www.rauniory.fi\/index.php?rest_route=%2Fwp%2Fv2%2Fmedia&parent=326"}],"curies":[{"name":"wp","href":"https:\/\/api.w.org\/{rel}","templated":true}]}}