{"id":317,"date":"2024-02-27T12:33:30","date_gmt":"2024-02-27T12:33:30","guid":{"rendered":"https:\/\/www.rauniory.fi\/?page_id=317"},"modified":"2024-02-27T19:28:05","modified_gmt":"2024-02-27T19:28:05","slug":"insinoorikulttuuri","status":"publish","type":"page","link":"https:\/\/www.rauniory.fi\/?page_id=317","title":{"rendered":"Insin\u00f6\u00f6rikulttuuri"},"content":{"rendered":"<hr \/>\n<h2 style=\"text-align: center;\">Opiskelijahaalarit<img loading=\"lazy\" decoding=\"async\" class=\"wp-image-328 alignright\" src=\"https:\/\/www.rauniory.fi\/wp-content\/uploads\/2024\/02\/cfa11956-7997-4528-855c-c715b7713267-scaled.jpg\" alt=\"\" width=\"443\" height=\"443\" srcset=\"https:\/\/www.rauniory.fi\/wp-content\/uploads\/2024\/02\/cfa11956-7997-4528-855c-c715b7713267-scaled.jpg 2560w, https:\/\/www.rauniory.fi\/wp-content\/uploads\/2024\/02\/cfa11956-7997-4528-855c-c715b7713267-300x300.jpg 300w, https:\/\/www.rauniory.fi\/wp-content\/uploads\/2024\/02\/cfa11956-7997-4528-855c-c715b7713267-1024x1024.jpg 1024w, https:\/\/www.rauniory.fi\/wp-content\/uploads\/2024\/02\/cfa11956-7997-4528-855c-c715b7713267-150x150.jpg 150w, https:\/\/www.rauniory.fi\/wp-content\/uploads\/2024\/02\/cfa11956-7997-4528-855c-c715b7713267-768x768.jpg 768w, https:\/\/www.rauniory.fi\/wp-content\/uploads\/2024\/02\/cfa11956-7997-4528-855c-c715b7713267-1536x1536.jpg 1536w, https:\/\/www.rauniory.fi\/wp-content\/uploads\/2024\/02\/cfa11956-7997-4528-855c-c715b7713267-2048x2048.jpg 2048w, https:\/\/www.rauniory.fi\/wp-content\/uploads\/2024\/02\/cfa11956-7997-4528-855c-c715b7713267-144x144.jpg 144w\" sizes=\"auto, (max-width: 443px) 100vw, 443px\" \/><\/h2>\n<p style=\"text-align: center;\">Haalarit ovat opiskelijan t\u00e4rkein varuste. Ne ilmaisevat mit\u00e4 kantajansa opiskelee, miss\u00e4 ja kuinka kauan h\u00e4n on opiskellut. Ne ovat ennen kaikkea keino ilmaista opiskelijan kuuluvuutta omaan opiskelijayhteis\u00f6\u00f6ns\u00e4. Raumalaiset insin\u00f6\u00f6riopiskelijat k\u00e4ytt\u00e4v\u00e4t punaisia haalareita.\u00a0 Rauman Insin\u00f6\u00f6riopiskelijat RaunIO ry:n j\u00e4rjest\u00e4miss\u00e4 tapahtumissa voidaan pit\u00e4\u00e4 nyrkkis\u00e4\u00e4nt\u00f6n\u00e4 sit\u00e4, ett\u00e4 jokaisen tapahtumaan osallistuvan toivotaan k\u00e4ytt\u00e4v\u00e4n oman j\u00e4rjest\u00f6ns\u00e4 haalareita, ellei toisin mainita.<\/p>\n<p style=\"text-align: center;\">RaunIO ry j\u00e4rjest\u00e4\u00e4 haalarien ostotilauksen joka syksy heti uusien opiskelijoiden saavuttua taloon, josta ilmoitetaan RaunIOn sosiaalisissa medioissa ennakkoon. T\u00e4ll\u00f6in jokaiselle fuksille annetaan mahdollisuus sovittaa ja tilata itselleen ikiomat haalarit. Haalarien hinta saattaa hieman vaihdella joka vuosi, mutta esimerkiksi vuonna 2023 oli haalarien hinta 55\u20ac Rauman Insin\u00f6\u00f6riopiskelijat RaunIO ry:n j\u00e4senille. Jos et ehdi haalaritilaukseen mukaan jostain syyst\u00e4, meill\u00e4 on varastoissamme satunnaisia hajakokoja, joita voit kysell\u00e4 viestill\u00e4 meilt\u00e4 tai paikan p\u00e4\u00e4lt\u00e4 toimistoltamme.<\/p>\n<p style=\"text-align: center;\">Jos tuntuu, etteiv\u00e4t haalarit tahdo pysy\u00e4 p\u00e4\u00e4ll\u00e4si, RaunIO ry myy toimistollaan my\u00f6s tyylikk\u00e4it\u00e4 v\u00f6it\u00e4 haalareihin hintaan 7\u20ac\/kappale.<\/p>\n<p>&nbsp;<\/p>\n<h4 style=\"text-align: center;\"><em>Haalarien k\u00e4ytt\u00f6ohjes\u00e4\u00e4nt\u00f6<\/em><\/h4>\n<p style=\"text-align: center;\"><em>1\u00a7 Opiskelijahaalareita saa alkaa k\u00e4ytt\u00e4\u00e4 haalarikasteesta eli Kastajaisista alkaen.<\/em><\/p>\n<p style=\"text-align: center;\"><em>2\u00a7 Opiskelijahaalarit ovat henkil\u00f6kohtaiset. \u00c4l\u00e4 anna niit\u00e4 muiden k\u00e4ytt\u00f6\u00f6n.<\/em><\/p>\n<p style=\"text-align: center;\"><em>3\u00a7 Haalarimerkkj\u00e4 ei tule ommella haalareissa olevien sponsorien p\u00e4\u00e4lle ennen kuin on pakko.<\/em><\/p>\n<p style=\"text-align: center;\"><em>4\u00a7 Opiskelijahaalarit voi pest\u00e4 vain silloin, kun ne ovat k\u00e4ytt\u00e4j\u00e4ns\u00e4 p\u00e4\u00e4ll\u00e4.<\/em><\/p>\n<p style=\"text-align: center;\"><em>5\u00a7 Opiskelijahaalareita k\u00e4ytet\u00e4\u00e4n vy\u00f6t\u00e4r\u00f6lle sidottuna. Haalareiden yl\u00e4osa taitellaan siten, ett\u00e4 Rauman insin\u00f6\u00f6riopiskelijat RaunIO ry:n logo j\u00e4\u00e4 n\u00e4kyville.<\/em><\/p>\n<p style=\"text-align: center;\"><em>6\u00a7 Opiskelijahaalareiden nostamiseen voi anoa lupaa RaunIO ry:n hallituksen puheenjohtajistolta silloin, kun haalarit ovat t\u00e4ynn\u00e4 merkkej\u00e4 vy\u00f6t\u00e4r\u00f6lle asti.<\/em><\/p>\n<p style=\"text-align: center;\"><em>7\u00a7 P\u00e4tk\u00e4n opiskelijahaalareiden lahkeesta voi vaihtaa oman kumppanin kanssa. P\u00e4tk\u00e4n hihasta voi vaihtaa kaverin kanssa.<\/em><\/p>\n<hr \/>\n<h2 style=\"text-align: center;\">Haalarimerkit<img loading=\"lazy\" decoding=\"async\" class=\"alignleft wp-image-324\" src=\"https:\/\/www.rauniory.fi\/wp-content\/uploads\/2024\/02\/haalarimerkit_lapinakyva-scaled.jpg\" alt=\"\" width=\"421\" height=\"316\" srcset=\"https:\/\/www.rauniory.fi\/wp-content\/uploads\/2024\/02\/haalarimerkit_lapinakyva-scaled.jpg 2560w, https:\/\/www.rauniory.fi\/wp-content\/uploads\/2024\/02\/haalarimerkit_lapinakyva-300x225.jpg 300w, https:\/\/www.rauniory.fi\/wp-content\/uploads\/2024\/02\/haalarimerkit_lapinakyva-1024x768.jpg 1024w, https:\/\/www.rauniory.fi\/wp-content\/uploads\/2024\/02\/haalarimerkit_lapinakyva-768x576.jpg 768w, https:\/\/www.rauniory.fi\/wp-content\/uploads\/2024\/02\/haalarimerkit_lapinakyva-1536x1152.jpg 1536w, https:\/\/www.rauniory.fi\/wp-content\/uploads\/2024\/02\/haalarimerkit_lapinakyva-2048x1536.jpg 2048w, https:\/\/www.rauniory.fi\/wp-content\/uploads\/2024\/02\/haalarimerkit_lapinakyva-800x600.jpg 800w\" sizes=\"auto, (max-width: 421px) 100vw, 421px\" \/><\/h2>\n<p style=\"text-align: center;\">Suosituin tapa muokata omia opiskelijahaalareita on ompelemalla niihin haalarimerkkej\u00e4. My\u00f6s me RaunIO:lla ajattelemme, ett\u00e4 haalareita ei voi j\u00e4tt\u00e4\u00e4 tyhj\u00e4ksi ja t\u00e4m\u00e4n takia myymme ajoittain muuttuvasta valikoimastamme haalarimerkkej\u00e4 kaikille kiinnostuneille. Merkkej\u00e4 saa my\u00f6s kaikenlaisiin opiskelijatapahtumiin osallistumisesta ja osallistumismerkit sis\u00e4ltyv\u00e4t aina Rauman Insin\u00f6\u00f6riopiskelijat RaunIO ry:n ja Rauman Liiketalousopiskelijain Kilta (RLO Kilta) ry:n j\u00e4rjest\u00e4mien tapahtumien lipun hintaan, ellei erikseen mainita.<\/p>\n<p style=\"text-align: center;\">RaunIOn toimistolla myyt\u00e4vill\u00e4 merkeill\u00e4 on hintaa 3\u20ac\/kappale ja jokaista kahta merkki\u00e4 kohden saat 1\u20ac alennuksen!<\/p>\n<hr \/>\n<h2 style=\"text-align: center;\">Insin\u00f6\u00f6rilakki<\/h2>\n<h2 style=\"text-align: center;\"><img loading=\"lazy\" decoding=\"async\" class=\" wp-image-407 alignright\" src=\"https:\/\/www.rauniory.fi\/wp-content\/uploads\/2024\/02\/imppulakki_valmis.png\" alt=\"\" width=\"527\" height=\"328\" srcset=\"https:\/\/www.rauniory.fi\/wp-content\/uploads\/2024\/02\/imppulakki_valmis.png 4032w, https:\/\/www.rauniory.fi\/wp-content\/uploads\/2024\/02\/imppulakki_valmis-300x187.png 300w, https:\/\/www.rauniory.fi\/wp-content\/uploads\/2024\/02\/imppulakki_valmis-1024x637.png 1024w, https:\/\/www.rauniory.fi\/wp-content\/uploads\/2024\/02\/imppulakki_valmis-768x478.png 768w, https:\/\/www.rauniory.fi\/wp-content\/uploads\/2024\/02\/imppulakki_valmis-1536x956.png 1536w, https:\/\/www.rauniory.fi\/wp-content\/uploads\/2024\/02\/imppulakki_valmis-2048x1275.png 2048w\" sizes=\"auto, (max-width: 527px) 100vw, 527px\" \/><\/h2>\n<p style=\"text-align: center;\">Insin\u00f6\u00f6rilakki, eli tuttavallisemmin imppulakki, on haalarien lis\u00e4ksi yksi n\u00e4kyvimpi\u00e4 insin\u00f6\u00f6rin tunnusmerkkej\u00e4. Opiskelijahaalareista poiketen k\u00e4ytet\u00e4\u00e4n imppulakkia my\u00f6s juhlallisemmissa tilaisuuksissa, kuten esimerkiksi eri j\u00e4rjest\u00f6jen vuosijuhlilla. Insin\u00f6\u00f6rilakki on Insin\u00f6\u00f6riliiton virallisesti hyv\u00e4ksym\u00e4 insin\u00f6\u00f6rin tunnus.<\/p>\n<p style=\"text-align: center;\">Rauman Insin\u00f6\u00f6riopiskelijat RaunIO ry j\u00e4rjest\u00e4\u00e4 joka vuosi imppulakkien yhteistilauksen, josta ilmoitetaan aikanaan RaunIO:n sosiaalisissa medioissa. Hintaa insin\u00f6\u00f6rilakilla on 99\u20ac Rauman Insin\u00f6\u00f6riopiskelijat RaunIO ry:n j\u00e4senille. Insin\u00f6\u00f6rilakin voi my\u00f6s tilata oma-aloitteisesti kuka tahansa insin\u00f6\u00f6riliiton j\u00e4sen vuoden ymp\u00e4ri, mik\u00e4li ei ehdi RaunIO:n j\u00e4rjest\u00e4m\u00e4\u00e4n yhteistilaukseen.<\/p>\n<p>&nbsp;<\/p>\n<p>Voit tutustua lakin tilaukseen ja sen k\u00e4yt\u00f6n ohjes\u00e4\u00e4nt\u00f6ihin <a href=\"https:\/\/www.ilry.fi\/jasenyys\/jasenedut\/insinoorilakki\/tilaa-insinoorilakki\/\">T\u00c4\u00c4LL\u00c4<\/a><\/p>\n<hr \/>\n<h2 style=\"text-align: center;\">Laulumatti<img loading=\"lazy\" decoding=\"async\" class=\"alignleft wp-image-352\" src=\"https:\/\/www.rauniory.fi\/wp-content\/uploads\/2024\/02\/laulumatti_lapinakyva.png\" alt=\"\" width=\"424\" height=\"272\" srcset=\"https:\/\/www.rauniory.fi\/wp-content\/uploads\/2024\/02\/laulumatti_lapinakyva.png 3775w, https:\/\/www.rauniory.fi\/wp-content\/uploads\/2024\/02\/laulumatti_lapinakyva-300x193.png 300w, https:\/\/www.rauniory.fi\/wp-content\/uploads\/2024\/02\/laulumatti_lapinakyva-1024x657.png 1024w, https:\/\/www.rauniory.fi\/wp-content\/uploads\/2024\/02\/laulumatti_lapinakyva-768x493.png 768w, https:\/\/www.rauniory.fi\/wp-content\/uploads\/2024\/02\/laulumatti_lapinakyva-1536x986.png 1536w, https:\/\/www.rauniory.fi\/wp-content\/uploads\/2024\/02\/laulumatti_lapinakyva-2048x1315.png 2048w\" sizes=\"auto, (max-width: 424px) 100vw, 424px\" \/><\/h2>\n<p style=\"text-align: center;\">Laulumatti on insin\u00f6\u00f6rin t\u00e4rkein apuv\u00e4line erilaisissa tapahtumissa. Laulumatista l\u00f6yd\u00e4t kaikki insin\u00f6\u00f6riopiskelijan t\u00e4rkeimm\u00e4t laulut, joita lauletaan esimerkiksi sitseill\u00e4 ja vuosijuhlilla. Ei my\u00f6s sovi unohtaa perinteist\u00e4 terveisten ker\u00e4\u00e4mist\u00e4 laulumattiin, eli oma kyn\u00e4 aina laulumatin kanssa matkaan!<\/p>\n<p style=\"text-align: center;\">Rauman Insin\u00f6\u00f6riopiskelijat RaunIO ry myy toimistollaan laulumatteja, ja laulumatilla on hintaa 5\u20ac\/kappale.<\/p>\n<hr \/>\n<p>&nbsp;<\/p>\n<h2 style=\"text-align: center;\">J\u00e4rjest\u00f6nauha<img loading=\"lazy\" decoding=\"async\" class=\"alignright wp-image-356\" src=\"https:\/\/www.rauniory.fi\/wp-content\/uploads\/2024\/02\/vujunauhat-scaled.jpg\" alt=\"\" width=\"382\" height=\"350\" srcset=\"https:\/\/www.rauniory.fi\/wp-content\/uploads\/2024\/02\/vujunauhat-scaled.jpg 2560w, https:\/\/www.rauniory.fi\/wp-content\/uploads\/2024\/02\/vujunauhat-300x275.jpg 300w, https:\/\/www.rauniory.fi\/wp-content\/uploads\/2024\/02\/vujunauhat-1024x937.jpg 1024w, https:\/\/www.rauniory.fi\/wp-content\/uploads\/2024\/02\/vujunauhat-768x703.jpg 768w, https:\/\/www.rauniory.fi\/wp-content\/uploads\/2024\/02\/vujunauhat-1536x1406.jpg 1536w, https:\/\/www.rauniory.fi\/wp-content\/uploads\/2024\/02\/vujunauhat-2048x1875.jpg 2048w\" sizes=\"auto, (max-width: 382px) 100vw, 382px\" \/><\/h2>\n<p style=\"text-align: center;\">Nyt meilt\u00e4 saa my\u00f6s j\u00e4rjest\u00f6nauhoja! J\u00e4rjest\u00f6nauha on yksi hieno tapa edustaa omaa j\u00e4rjest\u00f6\u00e4\u00e4n erilaisissa juhlallisemmissa tapahtumissa. Rauman Insin\u00f6\u00f6rit RaunIO ry:n p\u00e4\u00e4v\u00e4reiss\u00e4 oleva nauha kulkee juhlapuvun kanssa poikittain rinnan ylitse ja juhlamekossa vasemmassa miehustassa ruusukkeena. Nauhaa suositellaan k\u00e4ytett\u00e4v\u00e4ksi jokaiselle, joka edustaa Rauman insin\u00f6\u00f6rej\u00e4 miss\u00e4 tahansa juhlatapahtumassa.<\/p>\n<p style=\"text-align: center;\">J\u00e4rjest\u00f6nauhaa saa ostettua Rauman insin\u00f6\u00f6riopiskelijat RaunIO ry:n toimistolta ja sill\u00e4 on hintaa 2,5\u20ac\/0,5 metri\u00e4. Ruusukkeeseen nauhaa kuluu noin 0,5 metri\u00e4 ja suorana k\u00e4ytett\u00e4ess\u00e4 nauhaa tarvitsee noin 1,5 metri\u00e4 k\u00e4ytt\u00e4j\u00e4n koosta riippuen.<\/p>\n<p>&nbsp;<\/p>\n<h4 style=\"text-align: center;\"><em>J\u00e4rjest\u00f6nauhan ohjes\u00e4\u00e4nt\u00f6<\/em><\/h4>\n<p style=\"text-align: center;\"><em>Rauman Insin\u00f6\u00f6riopiskelijat RaunIO ry:n j\u00e4rjest\u00f6nauhan v\u00e4rit ovat musta ja valkoinen, leveys yhteens\u00e4 30 mm. V\u00e4riraitojen leveydet ovat 2,5+2,5+4+12+4+2,5+2,5 mm.<\/em><\/p>\n<p style=\"text-align: center;\"><em>Yhdistysnauhan voi lunastaa Rauman Insin\u00f6\u00f6riopiskelijat RaunIO ry:n j\u00e4sen. Yhdistysnauhan luovuttamisesta ulkopuolisille p\u00e4\u00e4tt\u00e4\u00e4 hallitus.<\/em><\/p>\n<p style=\"text-align: center;\"><em>Nauhaa voi kantaa yhdistyst\u00e4 edustettaessa sek\u00e4 muissa sen arvolle sopivissa tilaisuuksissa.<\/em><\/p>\n<p style=\"text-align: center;\"><em>Nauhan ei tule koskettaa paljasta ihoa. Nauha kulkee juhlapuvun kanssa oikealta olkap\u00e4\u00e4lt\u00e4 alas vasemmalle vy\u00f6t\u00e4r\u00f6lle. Nauhan tulee kulkea puvun takin ja liivin alta ja solmion p\u00e4\u00e4lt\u00e4. Juhlamekon kanssa nauhaa kannetaan ruusukkeena puvun vasemmassa miehustassa.<\/em><\/p>\n","protected":false},"excerpt":{"rendered":"<p>Opiskelijahaalarit Haalarit ovat opiskelijan t\u00e4rkein varuste. Ne ilmaisevat mit\u00e4 kantajansa opiskelee, miss\u00e4 ja kuinka kauan h\u00e4n on opiskellut. Ne ovat ennen kaikkea keino ilmaista opiskelijan<\/p>\n","protected":false},"author":1,"featured_media":0,"parent":0,"menu_order":4,"comment_status":"closed","ping_status":"closed","template":"","meta":{"footnotes":""},"class_list":["post-317","page","type-page","status-publish","hentry"],"_links":{"self":[{"href":"https:\/\/www.rauniory.fi\/index.php?rest_route=\/wp\/v2\/pages\/317","targetHints":{"allow":["GET"]}}],"collection":[{"href":"https:\/\/www.rauniory.fi\/index.php?rest_route=\/wp\/v2\/pages"}],"about":[{"href":"https:\/\/www.rauniory.fi\/index.php?rest_route=\/wp\/v2\/types\/page"}],"author":[{"embeddable":true,"href":"https:\/\/www.rauniory.fi\/index.php?rest_route=\/wp\/v2\/users\/1"}],"replies":[{"embeddable":true,"href":"https:\/\/www.rauniory.fi\/index.php?rest_route=%2Fwp%2Fv2%2Fcomments&post=317"}],"version-history":[{"count":32,"href":"https:\/\/www.rauniory.fi\/index.php?rest_route=\/wp\/v2\/pages\/317\/revisions"}],"predecessor-version":[{"id":408,"href":"https:\/\/www.rauniory.fi\/index.php?rest_route=\/wp\/v2\/pages\/317\/revisions\/408"}],"wp:attachment":[{"href":"https:\/\/www.rauniory.fi\/index.php?rest_route=%2Fwp%2Fv2%2Fmedia&parent=317"}],"curies":[{"name":"wp","href":"https:\/\/api.w.org\/{rel}","templated":true}]}}