{"id":294,"date":"2024-02-21T16:18:52","date_gmt":"2024-02-21T16:18:52","guid":{"rendered":"https:\/\/www.rauniory.fi\/?page_id=294"},"modified":"2024-02-27T18:46:12","modified_gmt":"2024-02-27T18:46:12","slug":"ohjesaannot","status":"publish","type":"page","link":"https:\/\/www.rauniory.fi\/?page_id=294","title":{"rendered":"Miten toimintaan mukaan?"},"content":{"rendered":"<p style=\"text-align: left;\">Rauman Insin\u00f6\u00f6riopiskelijat RaunIO ry:n j\u00e4seneksi voi liitty\u00e4 kuka tahansa Raumalla insin\u00f6\u00f6riopintoja suorittava opiskelija. RaunIO on Insin\u00f6\u00f6riliitto ILRY:n paikallisj\u00e4rjest\u00f6, jolloin liittyess\u00e4si Insin\u00f6\u00f6riliittoon, liityt my\u00f6s samalla omaan paikallisj\u00e4rjest\u00f6\u00f6si Rauman Insin\u00f6\u00f6riopiskelijat RaunIO ry:hyn. Insin\u00f6\u00f6riliiton huikeiden etujen lis\u00e4ksi saat my\u00f6s paikallisella tasolla alennusta RaunIO:n j\u00e4rjest\u00e4mien tapahtumien lippuhinnoista, sek\u00e4 lis\u00e4ksi my\u00f6s monista RaunIO:n tuotteista, kuten esimerkiksi opiskelijahaalareista. Insin\u00f6\u00f6riliiton opiskelijaj\u00e4senyys maksaa 30\u20ac kerralla koko opintojen ajan, tai mik\u00e4li opintosi kest\u00e4v\u00e4t yli 5 vuotta, maksat 30\u20ac vuodessa opiskelujesi loppuun asti.<\/p>\n<p style=\"text-align: left;\">Voit tutustua Insin\u00f6\u00f6riliiton etuihin sek\u00e4 opiskelijaj\u00e4senyyteen tarkemmin <a href=\"https:\/\/www.ilry.fi\/uran-alkutaipaleella\/opiskelijat\/liityopiskelijajaseneksi\/\">T\u00c4\u00c4LL\u00c4<\/a><\/p>\n<hr \/>\n<h3>RaunIO ry:n hallitukseen?<\/h3>\n<p>Kiinnostaako sinua vaikuttaa alueesi insin\u00f6\u00f6riel\u00e4m\u00e4\u00e4n aitiopaikalta? Rauman Insin\u00f6\u00f6riopiskelijat RaunIO ry j\u00e4rjest\u00e4\u00e4 joka syksy j\u00e4senist\u00f6lleen s\u00e4\u00e4nt\u00f6jenmukaisen syyskokouksen, jossa valitaan hallituksen kokoonpano seuraavalle vuodelle. RaunIOn hallituspesti kest\u00e4\u00e4 aina yhden kalenterivuoden kerralla ja hallitukseen voi hakea jokainen asiasta kiinnostunut RaunIOn opiskelijaj\u00e4sen. Ennen syyskokousta pyrimme j\u00e4rjest\u00e4m\u00e4\u00e4n viel\u00e4 infotilaisuuden, jossa kerromme tarkemmin hallitustoiminnasta.<\/p>\n<p>Jos kiinnostuksesi her\u00e4si ja haluat kuulla lis\u00e4\u00e4, voit ottaa meihin yhteytt\u00e4 &#8221;Ota Yhteytt\u00e4&#8221; v\u00e4lilehden kautta l\u00f6ytyvi\u00e4 kanavia pitkin, taikka tulla toimistollemme keskustelemaan asiasta.<\/p>\n<hr \/>\n<h3>Yhteyshenkil\u00f6toiminta<\/h3>\n<p>Rauman Insin\u00f6\u00f6riopiskelijat RaunIO ry:n yhteyshenkil\u00f6n\u00e4 toimit yhteydess\u00e4 hallitustoimijoiden ja tavallisen opiskelijaj\u00e4senist\u00f6n kanssa. V\u00e4lit\u00e4t tietoja, uutisia ja mielipiteit\u00e4 suunnasta toiseen ja aktiivisesti edist\u00e4t Raumalaista insin\u00f6\u00f6riopiskelijael\u00e4m\u00e4\u00e4 aivan ruohonjuuritasolla. Yhteyshenkil\u00f6n\u00e4 toimiminen luo my\u00f6s hyv\u00e4n pohjan hallitustoiminnalle, sill\u00e4 vaikka et olisi hallituksen j\u00e4sen, voi yhteyshenkil\u00f6n\u00e4 toimia kuka tahansa toimeen valittu Rauman Insin\u00f6\u00f6riopiskelijat RaunIO ry:n j\u00e4sen. Mik\u00e4li olet kiinnostunut toiminnasta, voit laittaa viesti\u00e4 &#8221;Ota Yhteytt\u00e4&#8221; v\u00e4lilehden kautta, taikka tulla toimistollemme keskustelemaan asiasta tarkemmin.<\/p>\n<p>&nbsp;<\/p>\n<p>&nbsp;<\/p>\n<h3>Yhteyshenkil\u00f6toiminnan ohjes\u00e4\u00e4nn\u00f6t<\/h3>\n<p>1 \u00a7 Yhteyshenkil\u00f6iksi voidaan valita Rauman Insin\u00f6\u00f6riopiskelijat RaunIO ry:n j\u00e4sen RaunIO ry:n hallituksen toimesta.<\/p>\n<p>2 \u00a7 Yhteyshenkil\u00f6ksi voi hakea ymp\u00e4ri vuoden ja kalenterivuoden lopussa halukkaat jatkavat yhteyshenkil\u00f6t k\u00e4yd\u00e4\u00e4n uuden hallituksen kesken l\u00e4pi.<\/p>\n<p>3 \u00a7 Yhteyshenkil\u00f6t saavat osallistua hallituksen kokouksiin hallituksen kutsuessa heid\u00e4t paikalle. Hallituksen kokouksissa yhteyshenkil\u00f6ill\u00e4 ei ole esitys- tai \u00e4\u00e4nioikeutta ja heid\u00e4t voidaan poistaa kokouksesta tarpeen vaatiessa.<\/p>\n<p>4 \u00a7 Yhteyshenkil\u00f6ill\u00e4 ei ole nimellist\u00e4 vastuuta yhdistyksen toiminnasta joten,<br \/>\nYhteyshenkil\u00f6t eiv\u00e4t ole oikeutettuja yhdistyksen rahaliikennett\u00e4 koskevaan<br \/>\ntoimintaan.<br \/>\nYhteyshenkil\u00f6ill\u00e4 ei ole oikeutta toimiston avaimiin tai RaunIO ry:n tunnuksiin.<br \/>\nYhteyshenkil\u00f6ill\u00e4 ei ole oikeutta olla toimistolla yksin.<\/p>\n<p>5 \u00a7 Yhteyshenkil\u00f6iden toiminta ei saa olla Rauman Insin\u00f6\u00f6riopiskelijat RaunIO ry:n tai sen j\u00e4senist\u00f6n etujen vastaista.<\/p>\n<p>6 \u00a7 Yhteyshenkil\u00f6t eiv\u00e4t saa toiminnallaan vahingoittaa Rauman Insin\u00f6\u00f6riopiskelijat RaunIO ry:n mainetta tai omaisuutta.<\/p>\n<p>7 \u00a7 Jokaisen yhteyshenkil\u00f6n tulee noudattaa yhdistyksen s\u00e4\u00e4nt\u00f6j\u00e4 ja p\u00e4\u00e4tt\u00e4vien elinten p\u00e4\u00e4t\u00f6ksi\u00e4.<\/p>\n<p>8 \u00a7 Rauman Insin\u00f6\u00f6riopiskelijat RaunIO ry jakaa toimiston Rauman Liiketalousopiskelijain Kilta ry:n kanssa. Toimiston k\u00e4ytt\u00e4ytymisohjeet ovat heid\u00e4n v\u00e4lisess\u00e4\u00e4n sopimuksessa. Yhteistoimiston vuoksi RaunIO ry:n yhteyshenkil\u00f6iden toiminta toimistolla on rajattua.<\/p>\n<p>9 \u00a7 Yhteyshenkil\u00f6 voi erota teht\u00e4v\u00e4st\u00e4\u00e4n ilmoittamalla siit\u00e4 kirjallisesti yhdistyksen hallitukselle tai puheenjohtajalle.<\/p>\n<p>10 \u00a7 Hallitus voi erottaa yhteyshenkil\u00f6n toiminnasta, mik\u00e4li t\u00e4m\u00e4n toiminta saattaisi aiheuttaa tai on aiheuttanut Rauman Insin\u00f6\u00f6riopiskelijat RaunIO ry:lle tai sen j\u00e4senist\u00f6lle haittaa.<\/p>\n<p>11 \u00a7 Kaikki Rauman Insin\u00f6\u00f6riopiskelijat RaunIO ry:n hallituksen j\u00e4senet ovat velvollisia yhteyshenkil\u00f6iden toiminnan seurantaan sek\u00e4 siit\u00e4 puheenjohtajistolle raportoimiseen tarpeen vaatiessa.<\/p>\n<p>(P\u00e4ivitetty 29.01.2024)<\/p>\n","protected":false},"excerpt":{"rendered":"<p>Rauman Insin\u00f6\u00f6riopiskelijat RaunIO ry:n j\u00e4seneksi voi liitty\u00e4 kuka tahansa Raumalla insin\u00f6\u00f6riopintoja suorittava opiskelija. RaunIO on Insin\u00f6\u00f6riliitto ILRY:n paikallisj\u00e4rjest\u00f6, jolloin liittyess\u00e4si Insin\u00f6\u00f6riliittoon, liityt my\u00f6s samalla omaan<\/p>\n","protected":false},"author":1,"featured_media":0,"parent":0,"menu_order":2,"comment_status":"closed","ping_status":"closed","template":"","meta":{"footnotes":""},"class_list":["post-294","page","type-page","status-publish","hentry"],"_links":{"self":[{"href":"https:\/\/www.rauniory.fi\/index.php?rest_route=\/wp\/v2\/pages\/294","targetHints":{"allow":["GET"]}}],"collection":[{"href":"https:\/\/www.rauniory.fi\/index.php?rest_route=\/wp\/v2\/pages"}],"about":[{"href":"https:\/\/www.rauniory.fi\/index.php?rest_route=\/wp\/v2\/types\/page"}],"author":[{"embeddable":true,"href":"https:\/\/www.rauniory.fi\/index.php?rest_route=\/wp\/v2\/users\/1"}],"replies":[{"embeddable":true,"href":"https:\/\/www.rauniory.fi\/index.php?rest_route=%2Fwp%2Fv2%2Fcomments&post=294"}],"version-history":[{"count":13,"href":"https:\/\/www.rauniory.fi\/index.php?rest_route=\/wp\/v2\/pages\/294\/revisions"}],"predecessor-version":[{"id":375,"href":"https:\/\/www.rauniory.fi\/index.php?rest_route=\/wp\/v2\/pages\/294\/revisions\/375"}],"wp:attachment":[{"href":"https:\/\/www.rauniory.fi\/index.php?rest_route=%2Fwp%2Fv2%2Fmedia&parent=294"}],"curies":[{"name":"wp","href":"https:\/\/api.w.org\/{rel}","templated":true}]}}