{"id":272,"date":"2024-02-21T15:52:58","date_gmt":"2024-02-21T15:52:58","guid":{"rendered":"https:\/\/www.rauniory.fi\/?page_id=272"},"modified":"2026-02-09T09:39:14","modified_gmt":"2026-02-09T09:39:14","slug":"hallitus","status":"publish","type":"page","link":"https:\/\/www.rauniory.fi\/?page_id=272","title":{"rendered":"Hallitus"},"content":{"rendered":"<h1 style=\"text-align: center;\">Vuoden 2026 hallitus<\/h1>\n<p>&nbsp;<\/p>\n<p><img loading=\"lazy\" decoding=\"async\" class=\"aligncenter wp-image-603 size-large\" src=\"https:\/\/www.rauniory.fi\/wp-content\/uploads\/2026\/02\/Jessica-scaled-e1770629015322-1024x968.jpg\" alt=\"\" width=\"640\" height=\"605\" srcset=\"https:\/\/www.rauniory.fi\/wp-content\/uploads\/2026\/02\/Jessica-scaled-e1770629015322-1024x968.jpg 1024w, https:\/\/www.rauniory.fi\/wp-content\/uploads\/2026\/02\/Jessica-scaled-e1770629015322-300x284.jpg 300w, https:\/\/www.rauniory.fi\/wp-content\/uploads\/2026\/02\/Jessica-scaled-e1770629015322-768x726.jpg 768w, https:\/\/www.rauniory.fi\/wp-content\/uploads\/2026\/02\/Jessica-scaled-e1770629015322-1536x1453.jpg 1536w, https:\/\/www.rauniory.fi\/wp-content\/uploads\/2026\/02\/Jessica-scaled-e1770629015322.jpg 1805w\" sizes=\"auto, (max-width: 640px) 100vw, 640px\" \/><\/p>\n<p style=\"text-align: center;\">Jessica Salo, Puheenjohtaja sek\u00e4<\/p>\n<p style=\"text-align: center;\">some- ja viestint\u00e4vastaava<\/p>\n<p style=\"text-align: center;\">pj@rauniory.fi<\/p>\n<p>&nbsp;<\/p>\n<p><img loading=\"lazy\" decoding=\"async\" class=\"aligncenter wp-image-598 size-large\" src=\"https:\/\/www.rauniory.fi\/wp-content\/uploads\/2026\/02\/Riia-e1770628988904-1024x922.png\" alt=\"\" width=\"640\" height=\"576\" srcset=\"https:\/\/www.rauniory.fi\/wp-content\/uploads\/2026\/02\/Riia-e1770628988904-1024x922.png 1024w, https:\/\/www.rauniory.fi\/wp-content\/uploads\/2026\/02\/Riia-e1770628988904-300x270.png 300w, https:\/\/www.rauniory.fi\/wp-content\/uploads\/2026\/02\/Riia-e1770628988904-768x692.png 768w, https:\/\/www.rauniory.fi\/wp-content\/uploads\/2026\/02\/Riia-e1770628988904.png 1066w\" sizes=\"auto, (max-width: 640px) 100vw, 640px\" \/><\/p>\n<p style=\"text-align: center;\">Riia Majuri, Varapuheenjohtaja sek\u00e4<\/p>\n<p style=\"text-align: center;\">some- ja viestint\u00e4vastaava<\/p>\n<p style=\"text-align: center;\">vpj@rauniory.fi<\/p>\n<p>&nbsp;<\/p>\n<p style=\"text-align: center;\"><img loading=\"lazy\" decoding=\"async\" class=\"aligncenter wp-image-599 size-large\" src=\"https:\/\/www.rauniory.fi\/wp-content\/uploads\/2026\/02\/Ettiina-scaled-e1770629049935-1024x910.jpg\" alt=\"\" width=\"640\" height=\"569\" srcset=\"https:\/\/www.rauniory.fi\/wp-content\/uploads\/2026\/02\/Ettiina-scaled-e1770629049935-1024x910.jpg 1024w, https:\/\/www.rauniory.fi\/wp-content\/uploads\/2026\/02\/Ettiina-scaled-e1770629049935-300x267.jpg 300w, https:\/\/www.rauniory.fi\/wp-content\/uploads\/2026\/02\/Ettiina-scaled-e1770629049935-768x683.jpg 768w, https:\/\/www.rauniory.fi\/wp-content\/uploads\/2026\/02\/Ettiina-scaled-e1770629049935-1536x1366.jpg 1536w, https:\/\/www.rauniory.fi\/wp-content\/uploads\/2026\/02\/Ettiina-scaled-e1770629049935.jpg 1920w\" sizes=\"auto, (max-width: 640px) 100vw, 640px\" \/><\/p>\n<p style=\"text-align: center;\">Ettiina Vaarainkorpi, Sihteeri<\/p>\n<p style=\"text-align: center;\">sihteeri@rauniory.fi<\/p>\n<p>&nbsp;<\/p>\n<p><img loading=\"lazy\" decoding=\"async\" class=\"aligncenter wp-image-605 size-large\" src=\"https:\/\/www.rauniory.fi\/wp-content\/uploads\/2026\/02\/Ellinoora-e1770629083483-1024x956.png\" alt=\"\" width=\"640\" height=\"598\" srcset=\"https:\/\/www.rauniory.fi\/wp-content\/uploads\/2026\/02\/Ellinoora-e1770629083483-1024x956.png 1024w, https:\/\/www.rauniory.fi\/wp-content\/uploads\/2026\/02\/Ellinoora-e1770629083483-300x280.png 300w, https:\/\/www.rauniory.fi\/wp-content\/uploads\/2026\/02\/Ellinoora-e1770629083483-768x717.png 768w, https:\/\/www.rauniory.fi\/wp-content\/uploads\/2026\/02\/Ellinoora-e1770629083483.png 1068w\" sizes=\"auto, (max-width: 640px) 100vw, 640px\" \/><\/p>\n<p style=\"text-align: center;\">Ellinoora Lepist\u00f6, Rahastonhoitaja<\/p>\n<p style=\"text-align: center;\">rahastonhoitaja@rauniory.fi<\/p>\n<p><img decoding=\"async\" class=\"h-full max-h-full w-auto max-w-full rounded object-contain\" src=\"https:\/\/chatgpt.com\/backend-api\/estuary\/content?id=file_00000000130c72468d1ebfc8d19698da&amp;ts=491108&amp;p=fs&amp;cid=1&amp;sig=257b3f6e0fdcf7909c584bb2584f0e580271965bdd890c6e883fe849adb9e778&amp;v=0\" alt=\"\" \/><img decoding=\"async\" class=\"h-full max-h-full w-auto max-w-full rounded object-contain\" src=\"https:\/\/chatgpt.com\/backend-api\/estuary\/content?id=file_00000000130c72468d1ebfc8d19698da&amp;ts=491108&amp;p=fs&amp;cid=1&amp;sig=257b3f6e0fdcf7909c584bb2584f0e580271965bdd890c6e883fe849adb9e778&amp;v=0\" alt=\"\" \/><img decoding=\"async\" class=\"h-full max-h-full w-auto max-w-full rounded object-contain\" src=\"https:\/\/chatgpt.com\/backend-api\/estuary\/content?id=file_00000000130c72468d1ebfc8d19698da&amp;ts=491108&amp;p=fs&amp;cid=1&amp;sig=257b3f6e0fdcf7909c584bb2584f0e580271965bdd890c6e883fe849adb9e778&amp;v=0\" alt=\"\" \/><img loading=\"lazy\" decoding=\"async\" class=\"aligncenter wp-image-604 size-large\" src=\"https:\/\/www.rauniory.fi\/wp-content\/uploads\/2026\/02\/Frida-e1770629147632-1024x860.jpg\" alt=\"\" width=\"640\" height=\"538\" srcset=\"https:\/\/www.rauniory.fi\/wp-content\/uploads\/2026\/02\/Frida-e1770629147632-1024x860.jpg 1024w, https:\/\/www.rauniory.fi\/wp-content\/uploads\/2026\/02\/Frida-e1770629147632-300x252.jpg 300w, https:\/\/www.rauniory.fi\/wp-content\/uploads\/2026\/02\/Frida-e1770629147632-768x645.jpg 768w, https:\/\/www.rauniory.fi\/wp-content\/uploads\/2026\/02\/Frida-e1770629147632.jpg 1365w\" sizes=\"auto, (max-width: 640px) 100vw, 640px\" \/><\/p>\n<p style=\"text-align: center;\">Frida Haataja, Tapahtumavastaava<\/p>\n<p style=\"text-align: center;\">tapahtumat.frida@rauniory.fi<\/p>\n<p>&nbsp;<\/p>\n<p><img loading=\"lazy\" decoding=\"async\" class=\"aligncenter wp-image-608 size-large\" src=\"https:\/\/www.rauniory.fi\/wp-content\/uploads\/2026\/02\/Henkka-e1770629324340-881x1024.png\" alt=\"\" width=\"640\" height=\"744\" srcset=\"https:\/\/www.rauniory.fi\/wp-content\/uploads\/2026\/02\/Henkka-e1770629324340-881x1024.png 881w, https:\/\/www.rauniory.fi\/wp-content\/uploads\/2026\/02\/Henkka-e1770629324340-258x300.png 258w, https:\/\/www.rauniory.fi\/wp-content\/uploads\/2026\/02\/Henkka-e1770629324340-768x893.png 768w, https:\/\/www.rauniory.fi\/wp-content\/uploads\/2026\/02\/Henkka-e1770629324340.png 1200w\" sizes=\"auto, (max-width: 640px) 100vw, 640px\" \/><\/p>\n<p>&nbsp;<\/p>\n<p style=\"text-align: center;\">Henri Sulkanen, Tapahtumavastaava sek\u00e4<\/p>\n<p style=\"text-align: center;\">Liikunta ja hyvinvointivastaava<\/p>\n<p style=\"text-align: center;\">tapahtumat.henri@rauniory.fi<\/p>\n<p>&nbsp;<\/p>\n<p><img loading=\"lazy\" decoding=\"async\" class=\"aligncenter wp-image-601 size-large\" src=\"https:\/\/www.rauniory.fi\/wp-content\/uploads\/2026\/02\/Niklas-scaled-e1770629438434-1024x996.jpg\" alt=\"\" width=\"640\" height=\"623\" srcset=\"https:\/\/www.rauniory.fi\/wp-content\/uploads\/2026\/02\/Niklas-scaled-e1770629438434-1024x996.jpg 1024w, https:\/\/www.rauniory.fi\/wp-content\/uploads\/2026\/02\/Niklas-scaled-e1770629438434-300x292.jpg 300w, https:\/\/www.rauniory.fi\/wp-content\/uploads\/2026\/02\/Niklas-scaled-e1770629438434-768x747.jpg 768w, https:\/\/www.rauniory.fi\/wp-content\/uploads\/2026\/02\/Niklas-scaled-e1770629438434-1536x1493.jpg 1536w, https:\/\/www.rauniory.fi\/wp-content\/uploads\/2026\/02\/Niklas-scaled-e1770629438434.jpg 1553w\" sizes=\"auto, (max-width: 640px) 100vw, 640px\" \/><\/p>\n<p>&nbsp;<\/p>\n<p style=\"text-align: center;\">Niklas Aaltonen, Koulutuspoliittinenvastaava<\/p>\n<p style=\"text-align: center;\">kopo@rauniory.fi<\/p>\n<p>&nbsp;<\/p>\n<p><img loading=\"lazy\" decoding=\"async\" class=\"aligncenter wp-image-606 size-large\" src=\"https:\/\/www.rauniory.fi\/wp-content\/uploads\/2026\/02\/Matkus-S-e1770629484247-1024x990.png\" alt=\"\" width=\"640\" height=\"619\" srcset=\"https:\/\/www.rauniory.fi\/wp-content\/uploads\/2026\/02\/Matkus-S-e1770629484247-1024x990.png 1024w, https:\/\/www.rauniory.fi\/wp-content\/uploads\/2026\/02\/Matkus-S-e1770629484247-300x290.png 300w, https:\/\/www.rauniory.fi\/wp-content\/uploads\/2026\/02\/Matkus-S-e1770629484247-768x743.png 768w, https:\/\/www.rauniory.fi\/wp-content\/uploads\/2026\/02\/Matkus-S-e1770629484247.png 1067w\" sizes=\"auto, (max-width: 640px) 100vw, 640px\" \/><\/p>\n<p style=\"text-align: center;\">Markus Siikavirta, yhteisty\u00f6- ja j\u00e4senpalveluvastaava<\/p>\n<p style=\"text-align: center;\">yhteistyo.jasen@rauniory.fi<\/p>\n<p>&nbsp;<\/p>\n<p><img loading=\"lazy\" decoding=\"async\" class=\"aligncenter wp-image-600 size-large\" src=\"https:\/\/www.rauniory.fi\/wp-content\/uploads\/2026\/02\/Isomake-e1770629568978-1024x1014.jpg\" alt=\"\" width=\"640\" height=\"634\" srcset=\"https:\/\/www.rauniory.fi\/wp-content\/uploads\/2026\/02\/Isomake-e1770629568978-1024x1014.jpg 1024w, https:\/\/www.rauniory.fi\/wp-content\/uploads\/2026\/02\/Isomake-e1770629568978-300x297.jpg 300w, https:\/\/www.rauniory.fi\/wp-content\/uploads\/2026\/02\/Isomake-e1770629568978-150x150.jpg 150w, https:\/\/www.rauniory.fi\/wp-content\/uploads\/2026\/02\/Isomake-e1770629568978-768x760.jpg 768w, https:\/\/www.rauniory.fi\/wp-content\/uploads\/2026\/02\/Isomake-e1770629568978-144x144.jpg 144w, https:\/\/www.rauniory.fi\/wp-content\/uploads\/2026\/02\/Isomake-e1770629568978.jpg 1077w\" sizes=\"auto, (max-width: 640px) 100vw, 640px\" \/><\/p>\n<p style=\"text-align: center;\">Markus Laskar, L\u00e4sIO- ja alumnivastaava<\/p>\n<p style=\"text-align: center;\">lasio@rauniory.fi<\/p>\n<p>&nbsp;<\/p>\n<p><img loading=\"lazy\" decoding=\"async\" class=\"aligncenter wp-image-602 size-large\" src=\"https:\/\/www.rauniory.fi\/wp-content\/uploads\/2026\/02\/Saku-scaled-e1770629600568-1024x980.jpg\" alt=\"\" width=\"640\" height=\"613\" srcset=\"https:\/\/www.rauniory.fi\/wp-content\/uploads\/2026\/02\/Saku-scaled-e1770629600568-1024x980.jpg 1024w, https:\/\/www.rauniory.fi\/wp-content\/uploads\/2026\/02\/Saku-scaled-e1770629600568-300x287.jpg 300w, https:\/\/www.rauniory.fi\/wp-content\/uploads\/2026\/02\/Saku-scaled-e1770629600568-768x735.jpg 768w, https:\/\/www.rauniory.fi\/wp-content\/uploads\/2026\/02\/Saku-scaled-e1770629600568-1536x1471.jpg 1536w, https:\/\/www.rauniory.fi\/wp-content\/uploads\/2026\/02\/Saku-scaled-e1770629600568.jpg 1783w\" sizes=\"auto, (max-width: 640px) 100vw, 640px\" \/><\/p>\n<p style=\"text-align: center;\">Saku Viher\u00e4, Materiaali- ja yhteyshenkil\u00f6vastaava<\/p>\n<p style=\"text-align: center;\">materiaalivastaava@rauniory.fi<\/p>\n<p>&nbsp;<\/p>\n<p><img loading=\"lazy\" decoding=\"async\" class=\"aligncenter wp-image-607 size-large\" src=\"https:\/\/www.rauniory.fi\/wp-content\/uploads\/2026\/02\/Veera-e1770629651922-1024x938.png\" alt=\"\" width=\"640\" height=\"586\" srcset=\"https:\/\/www.rauniory.fi\/wp-content\/uploads\/2026\/02\/Veera-e1770629651922-1024x938.png 1024w, https:\/\/www.rauniory.fi\/wp-content\/uploads\/2026\/02\/Veera-e1770629651922-300x275.png 300w, https:\/\/www.rauniory.fi\/wp-content\/uploads\/2026\/02\/Veera-e1770629651922-768x703.png 768w, https:\/\/www.rauniory.fi\/wp-content\/uploads\/2026\/02\/Veera-e1770629651922.png 1066w\" sizes=\"auto, (max-width: 640px) 100vw, 640px\" \/><\/p>\n<p style=\"text-align: center;\">Veera Kortesaari, Kansain\u00e4lisyysvastaava<\/p>\n<p style=\"text-align: center;\">kansainvalisyys@rauniory.fi<\/p>\n<p>&nbsp;<\/p>\n<p>&nbsp;<\/p>\n<p style=\"text-align: center;\">\n","protected":false},"excerpt":{"rendered":"<p>Vuoden 2026 hallitus &nbsp; Jessica Salo, Puheenjohtaja sek\u00e4 some- ja viestint\u00e4vastaava pj@rauniory.fi &nbsp; Riia Majuri, Varapuheenjohtaja sek\u00e4 some- ja viestint\u00e4vastaava vpj@rauniory.fi &nbsp; Ettiina Vaarainkorpi, Sihteeri<\/p>\n","protected":false},"author":1,"featured_media":0,"parent":0,"menu_order":3,"comment_status":"closed","ping_status":"closed","template":"","meta":{"footnotes":""},"class_list":["post-272","page","type-page","status-publish","hentry"],"_links":{"self":[{"href":"https:\/\/www.rauniory.fi\/index.php?rest_route=\/wp\/v2\/pages\/272","targetHints":{"allow":["GET"]}}],"collection":[{"href":"https:\/\/www.rauniory.fi\/index.php?rest_route=\/wp\/v2\/pages"}],"about":[{"href":"https:\/\/www.rauniory.fi\/index.php?rest_route=\/wp\/v2\/types\/page"}],"author":[{"embeddable":true,"href":"https:\/\/www.rauniory.fi\/index.php?rest_route=\/wp\/v2\/users\/1"}],"replies":[{"embeddable":true,"href":"https:\/\/www.rauniory.fi\/index.php?rest_route=%2Fwp%2Fv2%2Fcomments&post=272"}],"version-history":[{"count":38,"href":"https:\/\/www.rauniory.fi\/index.php?rest_route=\/wp\/v2\/pages\/272\/revisions"}],"predecessor-version":[{"id":622,"href":"https:\/\/www.rauniory.fi\/index.php?rest_route=\/wp\/v2\/pages\/272\/revisions\/622"}],"wp:attachment":[{"href":"https:\/\/www.rauniory.fi\/index.php?rest_route=%2Fwp%2Fv2%2Fmedia&parent=272"}],"curies":[{"name":"wp","href":"https:\/\/api.w.org\/{rel}","templated":true}]}}