{"id":239,"date":"2024-02-04T17:49:54","date_gmt":"2024-02-04T17:49:54","guid":{"rendered":"https:\/\/www.rauniory.fi\/?page_id=239"},"modified":"2024-10-07T11:07:19","modified_gmt":"2024-10-07T11:07:19","slug":"materiaalipankki","status":"publish","type":"page","link":"https:\/\/www.rauniory.fi\/?page_id=239","title":{"rendered":"Kokousp\u00f6yt\u00e4kirjat"},"content":{"rendered":"<h2>Yhdistyksen vanhat kokousp\u00f6yt\u00e4kirjat l\u00f6yd\u00e4t <a href=\"https:\/\/rauniory-my.sharepoint.com\/:f:\/g\/personal\/raunio_rauniory_fi\/Er01rPIcXnNNnJoqhPJPNfcBrowZna74-HJ8EFpeAP5JyA?e=trWY9T\">T\u00c4\u00c4LT\u00c4<\/a><\/h2>\n","protected":false},"excerpt":{"rendered":"<p>Yhdistyksen vanhat kokousp\u00f6yt\u00e4kirjat l\u00f6yd\u00e4t T\u00c4\u00c4LT\u00c4<\/p>\n","protected":false},"author":1,"featured_media":0,"parent":0,"menu_order":7,"comment_status":"closed","ping_status":"closed","template":"","meta":{"footnotes":""},"class_list":["post-239","page","type-page","status-publish","hentry"],"_links":{"self":[{"href":"https:\/\/www.rauniory.fi\/index.php?rest_route=\/wp\/v2\/pages\/239","targetHints":{"allow":["GET"]}}],"collection":[{"href":"https:\/\/www.rauniory.fi\/index.php?rest_route=\/wp\/v2\/pages"}],"about":[{"href":"https:\/\/www.rauniory.fi\/index.php?rest_route=\/wp\/v2\/types\/page"}],"author":[{"embeddable":true,"href":"https:\/\/www.rauniory.fi\/index.php?rest_route=\/wp\/v2\/users\/1"}],"replies":[{"embeddable":true,"href":"https:\/\/www.rauniory.fi\/index.php?rest_route=%2Fwp%2Fv2%2Fcomments&post=239"}],"version-history":[{"count":6,"href":"https:\/\/www.rauniory.fi\/index.php?rest_route=\/wp\/v2\/pages\/239\/revisions"}],"predecessor-version":[{"id":427,"href":"https:\/\/www.rauniory.fi\/index.php?rest_route=\/wp\/v2\/pages\/239\/revisions\/427"}],"wp:attachment":[{"href":"https:\/\/www.rauniory.fi\/index.php?rest_route=%2Fwp%2Fv2%2Fmedia&parent=239"}],"curies":[{"name":"wp","href":"https:\/\/api.w.org\/{rel}","templated":true}]}}